{"id":994,"date":"2023-11-08T13:26:03","date_gmt":"2023-11-08T13:26:03","guid":{"rendered":"https:\/\/blackboard-training.com\/?post_type=product&#038;p=994"},"modified":"2026-02-11T17:06:25","modified_gmt":"2026-02-11T16:06:25","slug":"toebands","status":"publish","type":"product","link":"https:\/\/data.blackboard-training.com\/product\/toebands\/","title":{"rendered":"ToeBands"},"content":{"rendered":"","protected":false},"excerpt":{"rendered":"Die ToeBands von BlackBoard sind die ersten Zugkraftb\u00e4nder, die speziell f\u00fcr den Fu\u00df entwickelt wurden.","protected":false},"featured_media":997,"comment_status":"closed","ping_status":"closed","template":"","meta":{"_acf_changed":false},"product_brand":[],"product_cat":[100],"product_tag":[],"class_list":{"0":"post-994","1":"product","2":"type-product","3":"status-publish","4":"has-post-thumbnail","6":"product_cat-accessories-en-2","8":"first","9":"instock","10":"taxable","11":"shipping-taxable","12":"purchasable","13":"product-type-simple"},"acf":[],"translations":{"name_de":"","short_description_de":"","description_de":""},"_links":{"self":[{"href":"https:\/\/data.blackboard-training.com\/de\/wp-json\/wp\/v2\/product\/994","targetHints":{"allow":["GET"]}}],"collection":[{"href":"https:\/\/data.blackboard-training.com\/de\/wp-json\/wp\/v2\/product"}],"about":[{"href":"https:\/\/data.blackboard-training.com\/de\/wp-json\/wp\/v2\/types\/product"}],"replies":[{"embeddable":true,"href":"https:\/\/data.blackboard-training.com\/de\/wp-json\/wp\/v2\/comments?post=994"}],"version-history":[{"count":3,"href":"https:\/\/data.blackboard-training.com\/de\/wp-json\/wp\/v2\/product\/994\/revisions"}],"predecessor-version":[{"id":88155,"href":"https:\/\/data.blackboard-training.com\/de\/wp-json\/wp\/v2\/product\/994\/revisions\/88155"}],"wp:featuredmedia":[{"embeddable":true,"href":"https:\/\/data.blackboard-training.com\/de\/wp-json\/wp\/v2\/media\/997"}],"wp:attachment":[{"href":"https:\/\/data.blackboard-training.com\/de\/wp-json\/wp\/v2\/media?parent=994"}],"wp:term":[{"taxonomy":"product_brand","embeddable":true,"href":"https:\/\/data.blackboard-training.com\/de\/wp-json\/wp\/v2\/product_brand?post=994"},{"taxonomy":"product_cat","embeddable":true,"href":"https:\/\/data.blackboard-training.com\/de\/wp-json\/wp\/v2\/product_cat?post=994"},{"taxonomy":"product_tag","embeddable":true,"href":"https:\/\/data.blackboard-training.com\/de\/wp-json\/wp\/v2\/product_tag?post=994"}],"curies":[{"name":"wp","href":"https:\/\/api.w.org\/{rel}","templated":true}]}}