{"id":56882,"date":"2024-09-27T10:56:34","date_gmt":"2024-09-27T08:56:34","guid":{"rendered":"https:\/\/blackboard-training.com\/?post_type=product&#038;p=56882"},"modified":"2026-03-19T13:49:39","modified_gmt":"2026-03-19T12:49:39","slug":"procoach-certification-level-1","status":"publish","type":"product","link":"https:\/\/data.blackboard-training.com\/de\/produkt\/procoach-certification-level-1\/","title":{"rendered":"Certification Level 1 &#8211; Online Live Kurs"},"content":{"rendered":"\t\t<div data-elementor-type=\"product-post\" data-elementor-id=\"56882\" class=\"elementor elementor-56882\" data-elementor-post-type=\"product\">\n\t\t\t\t<div class=\"elementor-element elementor-element-a58bd1b e-flex e-con-boxed e-con e-parent\" data-id=\"a58bd1b\" data-element_type=\"container\" data-settings=\"{&quot;background_background&quot;:&quot;classic&quot;}\">\r\n\t\t\t\t\t<div class=\"e-con-inner\">\r\n\t\t\t\t<div class=\"elementor-element elementor-element-aeec71c elementor-widget elementor-widget-heading\" data-id=\"aeec71c\" data-element_type=\"widget\" data-widget_type=\"heading.default\">\n\t\t\t\t\t<h2 class=\"elementor-heading-title elementor-size-default\">F\u00fcr wen ist dieser Kurs?<\/h2>\t\t\t\t<\/div>\n\t\t\t\t\t<\/div>\n\t\t\t\t<\/div>\n\t\t<div class=\"elementor-element elementor-element-7be2ddd7 e-flex e-con-boxed e-con e-parent\" data-id=\"7be2ddd7\" data-element_type=\"container\" data-settings=\"{&quot;background_background&quot;:&quot;classic&quot;}\">\r\n\t\t\t\t\t<div class=\"e-con-inner\">\r\n\t\t<div class=\"elementor-element elementor-element-496564da e-con-full e-flex e-con e-child\" data-id=\"496564da\" data-element_type=\"container\">\r\n\t\t\t\t<div class=\"elementor-element elementor-element-35789048 elementor-position-top elementor-widget elementor-widget-image-box\" data-id=\"35789048\" data-element_type=\"widget\" data-widget_type=\"image-box.default\">\n\t\t\t\t\t<div class=\"elementor-image-box-wrapper\"><figure class=\"elementor-image-box-img\"><img fetchpriority=\"high\" decoding=\"async\" width=\"663\" height=\"642\" src=\"https:\/\/data.blackboard-training.com\/wp-content\/uploads\/2023\/12\/Pro-Athlete-round.png\" class=\"attachment-full size-full wp-image-52780\" alt=\"\" \/><\/figure><div class=\"elementor-image-box-content\"><h4 class=\"elementor-image-box-title\">ProfisportlerInnen<\/h4><p class=\"elementor-image-box-description\">Wenn du deine Leistung steigern, Verletzungen vorbeugen oder bereits bestehende Probleme effektiv behandeln m\u00f6chtest.<\/p><\/div><\/div>\t\t\t\t<\/div>\n\t\t\t\t<\/div>\n\t\t<div class=\"elementor-element elementor-element-45d3fe28 e-con-full e-flex e-con e-child\" data-id=\"45d3fe28\" data-element_type=\"container\">\r\n\t\t\t\t<div class=\"elementor-element elementor-element-543774db elementor-position-top elementor-widget elementor-widget-image-box\" data-id=\"543774db\" data-element_type=\"widget\" data-widget_type=\"image-box.default\">\n\t\t\t\t\t<div class=\"elementor-image-box-wrapper\"><figure class=\"elementor-image-box-img\"><img decoding=\"async\" width=\"383\" height=\"383\" src=\"https:\/\/data.blackboard-training.com\/wp-content\/uploads\/2023\/12\/Hobby-Ahtlete-round.png\" class=\"attachment-full size-full wp-image-52781\" alt=\"\" \/><\/figure><div class=\"elementor-image-box-content\"><h4 class=\"elementor-image-box-title\">HobbysportlerInnen<\/h4><p class=\"elementor-image-box-description\">Wenn du mehr \u00fcber die Funktionsweise deines K\u00f6rpers erfahren m\u00f6chtest.<\/p><\/div><\/div>\t\t\t\t<\/div>\n\t\t\t\t<\/div>\n\t\t<div class=\"elementor-element elementor-element-45e9039e e-con-full e-flex e-con e-child\" data-id=\"45e9039e\" data-element_type=\"container\">\r\n\t\t\t\t<div class=\"elementor-element elementor-element-60d24dac elementor-position-top elementor-widget elementor-widget-image-box\" data-id=\"60d24dac\" data-element_type=\"widget\" data-widget_type=\"image-box.default\">\n\t\t\t\t\t<div class=\"elementor-image-box-wrapper\"><figure class=\"elementor-image-box-img\"><img decoding=\"async\" width=\"582\" height=\"582\" src=\"https:\/\/data.blackboard-training.com\/wp-content\/uploads\/2023\/12\/Physio-round.png\" class=\"attachment-full size-full wp-image-52782\" alt=\"\" \/><\/figure><div class=\"elementor-image-box-content\"><h4 class=\"elementor-image-box-title\">TherapeutenInnen<\/h4><p class=\"elementor-image-box-description\">Wenn du lernen m\u00f6chtest, wie man mit dem Blackboard Patienten effektiver trainiert.<\/p><\/div><\/div>\t\t\t\t<\/div>\n\t\t\t\t<\/div>\n\t\t\t\t\t<\/div>\n\t\t\t\t<\/div>\n\t\t<div class=\"elementor-element elementor-element-070e952 e-flex e-con-boxed e-con e-parent\" data-id=\"070e952\" data-element_type=\"container\">\r\n\t\t\t\t\t<div class=\"e-con-inner\">\r\n\t\t<div class=\"elementor-element elementor-element-e8d1689 e-con-full e-flex e-con e-child\" data-id=\"e8d1689\" data-element_type=\"container\">\r\n\t\t\t\t<div class=\"elementor-element elementor-element-8d2f4cc elementor-widget elementor-widget-image\" data-id=\"8d2f4cc\" data-element_type=\"widget\" data-widget_type=\"image.default\">\n\t\t\t\t\t\t\t\t\t\t\t\t\t\t\t<img loading=\"lazy\" decoding=\"async\" width=\"445\" height=\"653\" src=\"https:\/\/data.blackboard-training.com\/wp-content\/uploads\/2023\/12\/Col.png\" class=\"attachment-large size-large wp-image-49255\" alt=\"\" \/>\t\t\t\t\t\t\t\t\t\t\t\t\t\t\t<\/div>\n\t\t\t\t<\/div>\n\t\t<div class=\"elementor-element elementor-element-213a968 e-con-full e-flex e-con e-child\" data-id=\"213a968\" data-element_type=\"container\">\r\n\t\t\t\t<div class=\"elementor-element elementor-element-6bbd0b8 elementor-widget elementor-widget-heading\" data-id=\"6bbd0b8\" data-element_type=\"widget\" data-widget_type=\"heading.default\">\n\t\t\t\t\t<h2 class=\"elementor-heading-title elementor-size-default\">Voraussetzungen<\/h2>\t\t\t\t<\/div>\n\t\t\t\t<div class=\"elementor-element elementor-element-c4de891 elementor-widget elementor-widget-text-editor\" data-id=\"c4de891\" data-element_type=\"widget\" data-widget_type=\"text-editor.default\">\n\t\t\t\t\t\t\t\t\t<p>Um sich f\u00fcr den Level 2 Kurs anzumelden, musst du den Level 1 Kurs erfolgreich abgeschlossen haben. Dazu musst du beim Final Exam mindestens 75% der Fragen richtig beantworten (Single Choice Test).<br \/><br \/>Hier gehts zum Level 1 Kurs:<\/p>\t\t\t\t\t\t\t\t<\/div>\n\t\t\t\t<div class=\"elementor-element elementor-element-39d4c08 elementor-widget elementor-widget-button\" data-id=\"39d4c08\" data-element_type=\"widget\" data-widget_type=\"button.default\">\n\t\t\t\t\t\t\t\t\t\t<a class=\"elementor-button elementor-button-link elementor-size-sm\" href=\"https:\/\/data.blackboard-training.com\/product\/procoach-certification-level-1\/\">\n\t\t\t\t\t\t<span class=\"elementor-button-content-wrapper\">\n\t\t\t\t\t\t\t\t\t<span class=\"elementor-button-text\">Zum Level 1 Kurs<\/span>\n\t\t\t\t\t<\/span>\n\t\t\t\t\t<\/a>\n\t\t\t\t\t\t\t\t<\/div>\n\t\t\t\t<\/div>\n\t\t\t\t\t<\/div>\n\t\t\t\t<\/div>\n\t\t<div class=\"elementor-element elementor-element-cff24bc e-flex e-con-boxed e-con e-parent\" data-id=\"cff24bc\" data-element_type=\"container\" data-settings=\"{&quot;background_background&quot;:&quot;classic&quot;}\">\r\n\t\t\t\t\t<div class=\"e-con-inner\">\r\n\t\t\t\t<div class=\"elementor-element elementor-element-3f1edad elementor-widget elementor-widget-heading\" data-id=\"3f1edad\" data-element_type=\"widget\" data-widget_type=\"heading.default\">\n\t\t\t\t\t<h2 class=\"elementor-heading-title elementor-size-default\">Course Content<\/h2>\t\t\t\t<\/div>\n\t\t\t\t<div class=\"elementor-element elementor-element-480ea17 elementor-widget elementor-widget-Topics\" data-id=\"480ea17\" data-element_type=\"widget\" data-widget_type=\"Topics.default\">\n\t\t\t\t<div class=\"elementor-widget-container\">\n\t\t\t\t\t        <div class=\"product-course-topics\">\n                            <div class=\"pt-5 row row-cols-1 gy-3 gx-0\">\n                                                                    <div class=\"card\">\n                            <div class=\"card-body\">\n                                <div class=\"row row-cols-3 align-items-center gx-3 gy-3 mb-3\">\n                                    <div class=\"col-auto\">\n                                        <div class=\"p-3 rounded-circle shadow-sm\">\n                                            <svg xmlns=\"http:\/\/www.w3.org\/2000\/svg\" width=\"20\" height=\"20\" viewBox=\"0 0 20 20\" fill=\"none\">\n                                                <g clip-path=\"url(#clip0_682_1434)\">\n                                                    <path d=\"M20 5V3.799C20.0001 3.69404 19.9796 3.59008 19.9394 3.49308C19.8993 3.39608 19.8405 3.30795 19.7663 3.23373C19.6921 3.15951 19.6039 3.10066 19.5069 3.06055C19.4099 3.02045 19.306 2.99987 19.201 3H0.801001C0.695943 2.99987 0.591888 3.02043 0.494778 3.06051C0.397667 3.1006 0.309402 3.15941 0.235022 3.23361C0.160642 3.3078 0.101605 3.39592 0.0612795 3.49293C0.0209545 3.58994 0.000131866 3.69394 6.2584e-07 3.799V5H2V7H6.2584e-07V9H2V11H6.2584e-07V13H2V15H6.2584e-07V16.199C-0.000130989 16.3042 0.0204977 16.4084 0.0607051 16.5057C0.100912 16.6029 0.159909 16.6913 0.234315 16.7657C0.308721 16.8401 0.397074 16.8991 0.494316 16.9393C0.591557 16.9795 0.695775 17.0001 0.801001 17H19.201C19.3061 16.9999 19.4101 16.979 19.5071 16.9387C19.6041 16.8984 19.6922 16.8394 19.7664 16.765C19.8406 16.6906 19.8994 16.6023 19.9395 16.5052C19.9796 16.4081 20.0001 16.3041 20 16.199V15H18V13H20V11H18V9H20V7H18V5H20ZM8 13V7L13 10L8 13Z\"\n                                                          fill=\"#0D0D0D\"\/>\n                                                <\/g>\n                                                <defs>\n                                                    <clipPath id=\"clip0_682_1434\">\n                                                        <rect width=\"20\" height=\"20\" fill=\"white\"\/>\n                                                    <\/clipPath>\n                                                <\/defs>\n                                            <\/svg>\n                                        <\/div>\n                                    <\/div>\n                                    <div class=\"flex-fill\">\n                                        <h5 class=\"mb-2 fw-semibold text-black pe-lg-5\">\n                                            Introduction                                        <\/h5>\n                                                                            <\/div>\n                                                                        <div class=\"col-auto ms-auto\">\n                                        <button type=\"button\" class=\"btn btn-dark rounded-pill px-4 ms-lg-5\">\n                                            1 Videos | 0 Minutes                                        <\/button>\n                                    <\/div>\n                                <\/div>\n                                                                                                            <div class=\"ps-5 pe-5\">\n                                            <ul class=\"tutor-course-content-list list-group list-group-flush\">\n                                                                                                                                                        <li class=\"tutor-course-content-list-item list-group-item d-flex py-3\">\n                                                        <div class=\"tutor-d-flex tutor-align-center\">\n                                                            <span class=\"tutor-course-content-list-item-icon tutor-icon-brand-youtube-bold tutor-mr-12\"><\/span>\n                                                            <h5 class=\"tutor-course-content-list-item-title\">\n                                                                Introduction                                                            <\/h5>\n                                                        <\/div>\n                                                        <div>\n\t\t\t\t\t\t\t\t\t\t\t<span class=\"tutor-course-content-list-item-duration tutor-fs-7 tutor-color-muted\">\n\t\t\t\t\t\t\t\t\t\t\t\t00:00\t\t\t\t\t\t\t\t\t\t\t<\/span>\n                                                            <span class=\"tutor-course-content-list-item-status tutor-icon-lock-line tutor-color-muted tutor-ml-20\" area-hidden=\"true\"><\/span>\n                                                        <\/div>\n                                                    <\/li>\n                                                                                            <\/ul>\n                                        <\/div>\n                                                                                                                                            \n                            <\/div>\n                        <\/div>\n                                                                    <div class=\"card\">\n                            <div class=\"card-body\">\n                                <div class=\"row row-cols-3 align-items-center gx-3 gy-3 mb-3\">\n                                    <div class=\"col-auto\">\n                                        <div class=\"p-3 rounded-circle shadow-sm\">\n                                            <svg xmlns=\"http:\/\/www.w3.org\/2000\/svg\" width=\"20\" height=\"20\" viewBox=\"0 0 20 20\" fill=\"none\">\n                                                <g clip-path=\"url(#clip0_682_1434)\">\n                                                    <path d=\"M20 5V3.799C20.0001 3.69404 19.9796 3.59008 19.9394 3.49308C19.8993 3.39608 19.8405 3.30795 19.7663 3.23373C19.6921 3.15951 19.6039 3.10066 19.5069 3.06055C19.4099 3.02045 19.306 2.99987 19.201 3H0.801001C0.695943 2.99987 0.591888 3.02043 0.494778 3.06051C0.397667 3.1006 0.309402 3.15941 0.235022 3.23361C0.160642 3.3078 0.101605 3.39592 0.0612795 3.49293C0.0209545 3.58994 0.000131866 3.69394 6.2584e-07 3.799V5H2V7H6.2584e-07V9H2V11H6.2584e-07V13H2V15H6.2584e-07V16.199C-0.000130989 16.3042 0.0204977 16.4084 0.0607051 16.5057C0.100912 16.6029 0.159909 16.6913 0.234315 16.7657C0.308721 16.8401 0.397074 16.8991 0.494316 16.9393C0.591557 16.9795 0.695775 17.0001 0.801001 17H19.201C19.3061 16.9999 19.4101 16.979 19.5071 16.9387C19.6041 16.8984 19.6922 16.8394 19.7664 16.765C19.8406 16.6906 19.8994 16.6023 19.9395 16.5052C19.9796 16.4081 20.0001 16.3041 20 16.199V15H18V13H20V11H18V9H20V7H18V5H20ZM8 13V7L13 10L8 13Z\"\n                                                          fill=\"#0D0D0D\"\/>\n                                                <\/g>\n                                                <defs>\n                                                    <clipPath id=\"clip0_682_1434\">\n                                                        <rect width=\"20\" height=\"20\" fill=\"white\"\/>\n                                                    <\/clipPath>\n                                                <\/defs>\n                                            <\/svg>\n                                        <\/div>\n                                    <\/div>\n                                    <div class=\"flex-fill\">\n                                        <h5 class=\"mb-2 fw-semibold text-black pe-lg-5\">\n                                            Live Lesson                                        <\/h5>\n                                                                            <\/div>\n                                                                        <div class=\"col-auto ms-auto\">\n                                        <button type=\"button\" class=\"btn btn-dark rounded-pill px-4 ms-lg-5\">\n                                            1 Videos | 0 Minutes                                        <\/button>\n                                    <\/div>\n                                <\/div>\n                                                                                                            <div class=\"ps-5 pe-5\">\n                                            <ul class=\"tutor-course-content-list list-group list-group-flush\">\n                                                                                                                                                        <li class=\"tutor-course-content-list-item list-group-item d-flex py-3\">\n                                                        <div class=\"tutor-d-flex tutor-align-center\">\n                                                            <span class=\"tutor-course-content-list-item-icon tutor-icon-brand-zoom tutor-mr-12\"><\/span>\n                                                            <h5 class=\"tutor-course-content-list-item-title\">\n                                                                Certification Level 2 &#8211; 28.09.2024 (3pm &#8211; 10pm CET)                                                            <\/h5>\n                                                        <\/div>\n                                                        <div>\n\t\t\t\t\t\t\t\t\t\t\t<span class=\"tutor-course-content-list-item-duration tutor-fs-7 tutor-color-muted\">\n\t\t\t\t\t\t\t\t\t\t\t\t\t\t\t\t\t\t\t\t\t\t\t<\/span>\n                                                            <span class=\"tutor-course-content-list-item-status tutor-icon-lock-line tutor-color-muted tutor-ml-20\" area-hidden=\"true\"><\/span>\n                                                        <\/div>\n                                                    <\/li>\n                                                                                            <\/ul>\n                                        <\/div>\n                                                                                                                                            \n                            <\/div>\n                        <\/div>\n                                                                    <div class=\"card\">\n                            <div class=\"card-body\">\n                                <div class=\"row row-cols-3 align-items-center gx-3 gy-3 mb-3\">\n                                    <div class=\"col-auto\">\n                                        <div class=\"p-3 rounded-circle shadow-sm\">\n                                            <svg xmlns=\"http:\/\/www.w3.org\/2000\/svg\" width=\"20\" height=\"20\" viewBox=\"0 0 20 20\" fill=\"none\">\n                                                <g clip-path=\"url(#clip0_682_1434)\">\n                                                    <path d=\"M20 5V3.799C20.0001 3.69404 19.9796 3.59008 19.9394 3.49308C19.8993 3.39608 19.8405 3.30795 19.7663 3.23373C19.6921 3.15951 19.6039 3.10066 19.5069 3.06055C19.4099 3.02045 19.306 2.99987 19.201 3H0.801001C0.695943 2.99987 0.591888 3.02043 0.494778 3.06051C0.397667 3.1006 0.309402 3.15941 0.235022 3.23361C0.160642 3.3078 0.101605 3.39592 0.0612795 3.49293C0.0209545 3.58994 0.000131866 3.69394 6.2584e-07 3.799V5H2V7H6.2584e-07V9H2V11H6.2584e-07V13H2V15H6.2584e-07V16.199C-0.000130989 16.3042 0.0204977 16.4084 0.0607051 16.5057C0.100912 16.6029 0.159909 16.6913 0.234315 16.7657C0.308721 16.8401 0.397074 16.8991 0.494316 16.9393C0.591557 16.9795 0.695775 17.0001 0.801001 17H19.201C19.3061 16.9999 19.4101 16.979 19.5071 16.9387C19.6041 16.8984 19.6922 16.8394 19.7664 16.765C19.8406 16.6906 19.8994 16.6023 19.9395 16.5052C19.9796 16.4081 20.0001 16.3041 20 16.199V15H18V13H20V11H18V9H20V7H18V5H20ZM8 13V7L13 10L8 13Z\"\n                                                          fill=\"#0D0D0D\"\/>\n                                                <\/g>\n                                                <defs>\n                                                    <clipPath id=\"clip0_682_1434\">\n                                                        <rect width=\"20\" height=\"20\" fill=\"white\"\/>\n                                                    <\/clipPath>\n                                                <\/defs>\n                                            <\/svg>\n                                        <\/div>\n                                    <\/div>\n                                    <div class=\"flex-fill\">\n                                        <h5 class=\"mb-2 fw-semibold text-black pe-lg-5\">\n                                            Certification                                        <\/h5>\n                                                                            <\/div>\n                                                                        <div class=\"col-auto ms-auto\">\n                                        <button type=\"button\" class=\"btn btn-dark rounded-pill px-4 ms-lg-5\">\n                                            1 Videos | 0 Minutes                                        <\/button>\n                                    <\/div>\n                                <\/div>\n                                                                                                            <div class=\"ps-5 pe-5\">\n                                            <ul class=\"tutor-course-content-list list-group list-group-flush\">\n                                                                                                                                                        <li class=\"tutor-course-content-list-item list-group-item d-flex py-3\">\n                                                        <div class=\"tutor-d-flex tutor-align-center\">\n                                                            <span class=\"tutor-course-content-list-item-icon tutor-icon-circle-question-mark tutor-mr-12\"><\/span>\n                                                            <h5 class=\"tutor-course-content-list-item-title\">\n                                                                Certification Quiz                                                            <\/h5>\n                                                        <\/div>\n                                                        <div>\n\t\t\t\t\t\t\t\t\t\t\t<span class=\"tutor-course-content-list-item-duration tutor-fs-7 tutor-color-muted\">\n\t\t\t\t\t\t\t\t\t\t\t\t\t\t\t\t\t\t\t\t\t\t\t<\/span>\n                                                            <span class=\"tutor-course-content-list-item-status tutor-icon-lock-line tutor-color-muted tutor-ml-20\" area-hidden=\"true\"><\/span>\n                                                        <\/div>\n                                                    <\/li>\n                                                                                            <\/ul>\n                                        <\/div>\n                                                                                                                                            \n                            <\/div>\n                        <\/div>\n                                    <\/div>\n                    <\/div>\n        \t\t\t\t<\/div>\n\t\t\t\t<\/div>\n\t\t\t\t\t<\/div>\n\t\t\t\t<\/div>\n\t\t\t\t<\/div>\n\t\t","protected":false},"excerpt":{"rendered":"<div class=\"elementor-element elementor-element-90412aa e-flex e-con-boxed e-con e-parent\" data-id=\"90412aa\" data-element_type=\"container\" data-settings=\"{&quot;content_width&quot;:&quot;boxed&quot;}\" data-core-v316-plus=\"true\">\r\n<div class=\"e-con-inner\">\r\n<div class=\"elementor-element elementor-element-6ad3e7d e-con-full e-flex e-con e-child\" data-id=\"6ad3e7d\" data-element_type=\"container\" data-settings=\"{&quot;content_width&quot;:&quot;full&quot;}\">\r\n<div class=\"elementor-element elementor-element-188e247 elementor-widget elementor-widget-text-editor\" data-id=\"188e247\" data-element_type=\"widget\" data-widget_type=\"text-editor.default\">\r\n<div class=\"elementor-widget-container\">\r\n\r\nNutze die Gelegenheit und lerne live von unserem Pro Coach Ausbilder Armin Harrasser. Im Level 1 Live Kurs konzentrieren wir uns voll auf den Fu\u00df. Du erf\u00e4hrst alle relevanten Informationen \u00fcber die evolution\u00e4re Entwicklung und die daraus hervorgehende dreidimensionale Biomechanik des Fu\u00dfes.\r\n\r\n<\/div>\r\n<\/div>\r\n<\/div>\r\n<\/div>\r\n<\/div>","protected":false},"featured_media":49458,"comment_status":"closed","ping_status":"closed","template":"","meta":{"_acf_changed":false},"product_brand":[],"product_cat":[72],"product_tag":[],"class_list":{"0":"post-56882","1":"product","2":"type-product","3":"status-publish","4":"has-post-thumbnail","6":"product_cat-certifications","8":"first","9":"instock","10":"sold-individually","11":"taxable","12":"shipping-taxable","13":"purchasable","14":"product-type-variable"},"acf":[],"translations":{"name_de":"","short_description_de":"","description_de":""},"_links":{"self":[{"href":"https:\/\/data.blackboard-training.com\/de\/wp-json\/wp\/v2\/product\/56882","targetHints":{"allow":["GET"]}}],"collection":[{"href":"https:\/\/data.blackboard-training.com\/de\/wp-json\/wp\/v2\/product"}],"about":[{"href":"https:\/\/data.blackboard-training.com\/de\/wp-json\/wp\/v2\/types\/product"}],"replies":[{"embeddable":true,"href":"https:\/\/data.blackboard-training.com\/de\/wp-json\/wp\/v2\/comments?post=56882"}],"version-history":[{"count":2,"href":"https:\/\/data.blackboard-training.com\/de\/wp-json\/wp\/v2\/product\/56882\/revisions"}],"predecessor-version":[{"id":91137,"href":"https:\/\/data.blackboard-training.com\/de\/wp-json\/wp\/v2\/product\/56882\/revisions\/91137"}],"wp:featuredmedia":[{"embeddable":true,"href":"https:\/\/data.blackboard-training.com\/de\/wp-json\/wp\/v2\/media\/49458"}],"wp:attachment":[{"href":"https:\/\/data.blackboard-training.com\/de\/wp-json\/wp\/v2\/media?parent=56882"}],"wp:term":[{"taxonomy":"product_brand","embeddable":true,"href":"https:\/\/data.blackboard-training.com\/de\/wp-json\/wp\/v2\/product_brand?post=56882"},{"taxonomy":"product_cat","embeddable":true,"href":"https:\/\/data.blackboard-training.com\/de\/wp-json\/wp\/v2\/product_cat?post=56882"},{"taxonomy":"product_tag","embeddable":true,"href":"https:\/\/data.blackboard-training.com\/de\/wp-json\/wp\/v2\/product_tag?post=56882"}],"curies":[{"name":"wp","href":"https:\/\/api.w.org\/{rel}","templated":true}]}}